{"id":1959,"date":"2013-12-13T14:13:30","date_gmt":"2013-12-13T14:13:30","guid":{"rendered":"https:\/\/www.barnasystem.com\/contacto\/"},"modified":"2017-11-10T11:09:03","modified_gmt":"2017-11-10T11:09:03","slug":"contacto","status":"publish","type":"page","link":"https:\/\/www.barnasystem.com\/ca\/contacto\/","title":{"rendered":"Contacte"},"content":{"rendered":"<p>&nbsp;<\/p>\n<p>[column size=&#8221;1-2&#8243;]<br \/>\n[heading]<span style=\"color: #000080;\"> Contacti amb nosaltres<\/span>\u00a0[\/heading]<\/p>\n<p style=\"color: #444444;\"><span style=\"color: #444444;\">Per a qualsevol dubte o consulta que pugui sorgir-li, tenim a la seva disposici\u00f3 diverses formes de contactar amb nosaltres.<\/span><\/p>\n<p style=\"color: #555555;\"><span style=\"color: #000080;\"><b style=\"color: #669900;\"><span style=\"color: #808080;\">Email:<\/span>\u00a0<a style=\"color: #000080;\" href=\"mailto:info@barnasystem.com?subject=Contacto%20Web\">info@barnasystem.com<\/a><\/b><\/span><\/p>\n<p style=\"color: #555555;\">Pot contactar amb nosaltres per tel\u00e8fon o fax en els seg\u00fcents tel\u00e8fons:<\/p>\n<p style=\"font-style: inherit; color: #555555;\"><span style=\"color: #000080;\"><strong><span style=\"font-weight: inherit; font-style: inherit;\">93 771 06 05 \u00a0 \/ 616 235 744<\/span><\/strong><\/span><\/p>\n<p style=\"color: #555555;\"><strong style=\"font-style: inherit;\">Horari telef\u00f2nic d&#8217;atenci\u00f3 al client:<\/strong><strong><span style=\"color: #808080;\">\u00a0De dilluns a divendres de 9 a 21H.<\/span><\/strong><\/p>\n<p style=\"font-style: inherit; color: #555555;\"><strong style=\"font-style: inherit;\">Departament comercial i de facturaci\u00f3<\/strong>:<strong><span style=\"color: #808080;\">\u00a0De dilluns a divendres de 9 a 21H.<\/span><\/strong><\/p>\n<p style=\"font-style: inherit; color: #555555;\"><strong>Urg\u00e8ncies Inform\u00e0tiques i cap de setmana:<span style=\"color: #808080;\">\u00a0<\/span><\/strong><span style=\"color: #000080;\"><strong>616 235 744.<\/strong><\/span><\/p>\n<p style=\"font-style: inherit; color: #555555;\"><span style=\"color: #333333; font-size: 13px;\">\n<div class=\"wpcf7 no-js\" id=\"wpcf7-f1160-o1\" lang=\"es-ES\" dir=\"ltr\" data-wpcf7-id=\"1160\">\n<div class=\"screen-reader-response\"><p role=\"status\" aria-live=\"polite\" aria-atomic=\"true\"><\/p> <ul><\/ul><\/div>\n<form action=\"\/ca\/wp-json\/wp\/v2\/pages\/1959#wpcf7-f1160-o1\" method=\"post\" class=\"wpcf7-form init\" aria-label=\"Formulario de contacto\" novalidate=\"novalidate\" data-status=\"init\">\n<fieldset class=\"hidden-fields-container\"><input type=\"hidden\" name=\"_wpcf7\" value=\"1160\" \/><input type=\"hidden\" name=\"_wpcf7_version\" value=\"6.1.5\" \/><input type=\"hidden\" name=\"_wpcf7_locale\" value=\"es_ES\" \/><input type=\"hidden\" name=\"_wpcf7_unit_tag\" value=\"wpcf7-f1160-o1\" \/><input type=\"hidden\" name=\"_wpcf7_container_post\" value=\"0\" \/><input type=\"hidden\" name=\"_wpcf7_posted_data_hash\" value=\"\" \/><input type=\"hidden\" name=\"_wpcf7_recaptcha_response\" value=\"\" \/>\n<\/fieldset>\n<p>Su nombre (requerido)\n<\/p>\n<p><span class=\"wpcf7-form-control-wrap\" data-name=\"your-name\"><input size=\"40\" maxlength=\"400\" class=\"wpcf7-form-control wpcf7-text wpcf7-validates-as-required\" aria-required=\"true\" aria-invalid=\"false\" value=\"\" type=\"text\" name=\"your-name\" \/><\/span>\n<\/p>\n<p>Su e-mail (requerido)\n<\/p>\n<p><span class=\"wpcf7-form-control-wrap\" data-name=\"your-email\"><input size=\"40\" maxlength=\"400\" class=\"wpcf7-form-control wpcf7-email wpcf7-validates-as-required wpcf7-text wpcf7-validates-as-email\" aria-required=\"true\" aria-invalid=\"false\" value=\"\" type=\"email\" name=\"your-email\" \/><\/span>\n<\/p>\n<p>Tel\u00e9fono:\n<\/p>\n<p><span class=\"wpcf7-form-control-wrap\" data-name=\"tel-925\"><input size=\"40\" maxlength=\"400\" class=\"wpcf7-form-control wpcf7-tel wpcf7-text wpcf7-validates-as-tel\" aria-invalid=\"false\" value=\"\" type=\"tel\" name=\"tel-925\" \/><\/span>\n<\/p>\n<p>Asunto\n<\/p>\n<p><span class=\"wpcf7-form-control-wrap\" data-name=\"your-subject\"><input size=\"40\" maxlength=\"400\" class=\"wpcf7-form-control wpcf7-text\" aria-invalid=\"false\" value=\"\" type=\"text\" name=\"your-subject\" \/><\/span>\n<\/p>\n<p>Su mensaje\n<\/p>\n<p><span class=\"wpcf7-form-control-wrap\" data-name=\"your-message\"><textarea cols=\"40\" rows=\"10\" maxlength=\"2000\" class=\"wpcf7-form-control wpcf7-textarea\" aria-invalid=\"false\" name=\"your-message\"><\/textarea><\/span>\n<\/p>\n<p><input class=\"wpcf7-form-control wpcf7-submit has-spinner\" type=\"submit\" value=\"Enviar\" \/>\n<\/p><div class=\"fusion-alert alert custom alert-custom fusion-alert-center wpcf7-response-output awb-alert-native-link-color alert-dismissable awb-alert-close-boxed\" style=\"--awb-border-size:1px;--awb-border-top-left-radius:0px;--awb-border-top-right-radius:0px;--awb-border-bottom-left-radius:0px;--awb-border-bottom-right-radius:0px;\" role=\"alert\"><div class=\"fusion-alert-content-wrapper\"><span class=\"fusion-alert-content\"><\/span><\/div><button type=\"button\" class=\"close toggle-alert\" data-dismiss=\"alert\" aria-label=\"Close\">&times;<\/button><\/div>\n<\/form>\n<\/div>\n<\/span><\/p>\n<p>[\/column]<\/p>\n<p>[column size=&#8221;1-2&#8243; last=&#8221;1&#8243;]<br \/>\n[heading] <span style=\"color: #000080;\">Localitzaci\u00f3 d&#8217;Oficina<\/span>[\/heading]<br \/>\n[gmap width=&#8221;600&#8243; height=&#8221;300&#8243; address=&#8221;Bailen 14, barcelona&#8221;]<br \/>\n<\/br><\/br><br \/>\n[gmap width=&#8221;600&#8243; height=&#8221;300&#8243; address=&#8221;Badal 100, barcelona&#8221;]<\/p>\n<p>[spacer size=&#8221;20&#8243;]<\/p>\n<p>[tabs style=&#8221;1&#8243;]<br \/>\n[tab title=&#8221;Datos Contacto&#8221; icon=&#8221;icon-book&#8221;]<br \/>\n[contact_info address=&#8221;Rambla Badal 100 \u00a0Oficines:\u00a0C\/Bailen 14 2\u00ba 1\u00aa&#8221; Phone=&#8221;93 771 06 05&#8243; Fax=&#8221;616 235 744&#8243; email=&#8221;info@barnasystem.com&#8221; website=&#8221;https:\/\/www.barnasystem.com&#8221;][\/contact_info]<br \/>\n[\/tab]<br \/>\n[tab title=&#8221;Visitas&#8221; icon=&#8221;icon-bullhorn&#8221;]Si desitja que li realitzem una visita, ompli el formulari de contacte amb les seves dades, o truqueu-nos per acordar data i hora de visita.<br \/>\n[\/tab]<br \/>\n[tab title=&#8221;Horario&#8221; icon=&#8221;icon-calendar&#8221;]<br \/>\n<strong style=\"color: #8c9295;\">Dilluns: \u00a0 \u00a0 \u00a0 \u00a0 \u00a0\u00a0<\/strong><span style=\"color: #8c9295;\">9:00 \/ 21:00<\/span><br style=\"color: #8c9295;\" \/><strong style=\"color: #8c9295;\">Dimarts: \u00a0 \u00a0 \u00a0 \u00a0\u00a0<\/strong><span style=\"color: #8c9295;\">9:00 \/ 21:00<\/span><br style=\"color: #8c9295;\" \/><strong style=\"color: #8c9295;\">Dimecres: \u00a0\u00a0<\/strong><span style=\"color: #8c9295;\">9:00 \/ 21:00<\/span><br style=\"color: #8c9295;\" \/><strong style=\"color: #8c9295;\">Dijous: \u00a0 \u00a0 \u00a0 \u00a0\u00a0<\/strong><span style=\"color: #8c9295;\">9:00 \/ 21:00<\/span><br style=\"color: #8c9295;\" \/><strong style=\"color: #8c9295;\">Divendres: \u00a0 \u00a0 \u00a0\u00a0<\/strong><span style=\"color: #8c9295;\">9:00 \/ 21:00<\/span><br style=\"color: #8c9295;\" \/><strong style=\"color: #8c9295;\">Dissabtes i diumenges servei especial Telf: \u00a0<span style=\"color: #000080;\">616235744<\/span><\/strong><br \/>\n[\/tab]<br \/>\n[\/tabs]<br \/>\n[\/column]<\/p>\n","protected":false},"excerpt":{"rendered":"<p>&nbsp; [column size=&#8221;1-2&#8243;] [heading] Contacti amb nosaltres\u00a0[\/heading] Per a qualsevol  [&#8230;]<\/p>\n","protected":false},"author":2,"featured_media":0,"parent":0,"menu_order":0,"comment_status":"closed","ping_status":"closed","template":"","meta":{"om_disable_all_campaigns":false,"_monsterinsights_skip_tracking":false,"_monsterinsights_sitenote_active":false,"_monsterinsights_sitenote_note":"","_monsterinsights_sitenote_category":0,"footnotes":""},"class_list":["post-1959","page","type-page","status-publish","hentry"],"aioseo_notices":[],"_links":{"self":[{"href":"https:\/\/www.barnasystem.com\/ca\/wp-json\/wp\/v2\/pages\/1959","targetHints":{"allow":["GET"]}}],"collection":[{"href":"https:\/\/www.barnasystem.com\/ca\/wp-json\/wp\/v2\/pages"}],"about":[{"href":"https:\/\/www.barnasystem.com\/ca\/wp-json\/wp\/v2\/types\/page"}],"author":[{"embeddable":true,"href":"https:\/\/www.barnasystem.com\/ca\/wp-json\/wp\/v2\/users\/2"}],"replies":[{"embeddable":true,"href":"https:\/\/www.barnasystem.com\/ca\/wp-json\/wp\/v2\/comments?post=1959"}],"version-history":[{"count":0,"href":"https:\/\/www.barnasystem.com\/ca\/wp-json\/wp\/v2\/pages\/1959\/revisions"}],"wp:attachment":[{"href":"https:\/\/www.barnasystem.com\/ca\/wp-json\/wp\/v2\/media?parent=1959"}],"curies":[{"name":"wp","href":"https:\/\/api.w.org\/{rel}","templated":true}]}}