{"id":1952,"date":"2017-11-10T10:49:40","date_gmt":"2017-11-10T10:49:40","guid":{"rendered":"https:\/\/www.barnasystem.com\/?page_id=1952\/"},"modified":"2017-11-10T11:02:03","modified_gmt":"2017-11-10T11:02:03","slug":"tecnic-informatic-barcelona","status":"publish","type":"page","link":"https:\/\/www.barnasystem.com\/ca\/tecnic-informatic-barcelona\/","title":{"rendered":"T\u00c8CNIC INFORM\u00c0TIC BARCELONA"},"content":{"rendered":"<h1 style=\"color: #444444; text-align: center;\"><strong><span style=\"color: #000080;\">SERVEI T\u00c8CNIC INFORM\u00c0TIC A DOMICILI BARCELONA<\/span><\/strong><\/h1>\n<h2 style=\"color: #444444; text-align: center;\"><span style=\"color: #000080;\">\u00a1EL SEU INFORM\u00c0TIC A DOMICILI!<\/span><\/h2>\n<h3 style=\"color: #444444; text-align: center;\"><span style=\"color: #808080;\"><strong>Servei T\u00e8cnic inform\u00e0tic a domicili a la prov\u00edncia de Barcelona per autonomos, Pimes i Particulars.<\/strong><\/span><\/h3>\n<p>&nbsp;<\/p>\n<p style=\"color: #444444;\">\u00a0 EA <span style=\"color: #000080;\">Barna<\/span><span style=\"color: #808080;\">system<\/span> oferim <strong> servei t\u00e8cnic inform\u00e0tic a domicili<\/strong>\u00a0a la prov\u00edncia de<strong>\u00a0Barcelona.\u00a0<\/strong>Els nostres t\u00e8cnics es desplacen al seu domicili o empresa per solucionar qualsevol problema que tingui en els seus equipaments inform\u00e0tics. Neteja de virus, instal\u00b7laci\u00f3 i configuraci\u00f3 de sistemes operatius, programari, components i perif\u00e8rics &#8230;<\/p>\n<p style=\"color: #444444;\">\u00a0 \u00a0Si la reparaci\u00f3 es pot realitzar in situ, els nostres\u00a0<strong>t\u00e8cnics inform\u00e0tics<\/strong>\u00a0li solucionaran l&#8217;avaria al moment. Si no \u00e9s possible reparar al moment, els nostres\u00a0<strong>t\u00e8cnics inform\u00e0tics<\/strong>\u00a0el repararan al nostre taller el m\u00e9s aviat possible. Totes les reparacions s\u00f3n previ pressupost acceptat pel client.<\/p>\n<p>&nbsp;<\/p>\n<h3 style=\"color: #444444; text-align: center;\" align=\"LEFT\"><strong><span style=\"color: #000080;\">INFORM\u00c0TIC A DOMICILI BARCELONA<\/span><\/strong><\/h3>\n<h4 style=\"text-align: center;\"><span style=\"color: #000080;\">REPARACI\u00d3 D&#8217;ORDINADORS<\/span><\/h4>\n<p>&nbsp;<\/p>\n<p style=\"color: #444444;\" align=\"LEFT\"><span style=\"color: #000000;\"><span lang=\"es-ES\">\u00a0 \u00a0El nostre \u00e0rea geogr\u00e0fica d&#8217;actuaci\u00f3 actual \u00e9s la ciutat de\u00a0<\/span><\/span><strong><span style=\"color: #000000;\"><span lang=\"es-ES\">Barcelona,\u00a0<\/span><\/span><\/strong><span style=\"color: #000000;\"><span lang=\"es-ES\">su\u00a0<\/span><\/span><strong><span style=\"color: #000000;\"><span lang=\"es-ES\">\u00e0rea metropolitana i prov\u00edncia com l&#8217;Hospitalet, Cornell\u00e0, el Prat, Badalona, Rubi, Sabadell, Igualada,\u00a0<\/span><\/span><\/strong><strong><span style=\"color: #000000;\"><span lang=\"es-ES\">Terrassa,\u00a0<\/span><\/span><\/strong><strong><span style=\"color: #000000;\"><span lang=\"es-ES\">Esparraguera&#8230;Etc.<\/span><\/span><\/strong><\/p>\n<p class=\"western\" style=\"color: #444444;\" align=\"LEFT\"><span style=\"color: #000000;\"><span lang=\"es-ES\">\u00a0 \u00a0Des del nostre inici en Barnasystem <strong> Serveis Inform\u00e0tics <\/strong> estem especialitzats en oferir un <strong> servei t\u00e8cnic inform\u00e0tic <\/strong> de qualitat als nostres clients.<\/span><\/span><\/p>\n<ul style=\"color: #444444;\">\n<li>Reparaci\u00f3 d&#8217;ordinadors, avaries i problemes inform\u00e0ticsReparaci\u00f3 de port\u00e0tils i Ordinadors\n<p>Manteniment inform\u00e0tic d&#8217;ordinadors<\/p>\n<p>Venda d&#8217;equips inform\u00e0tics al millor preu.<\/p>\n<p>Reparaci\u00f3 d&#8217;ordinadors avaries i problemes inform\u00e0tics<\/p>\n<p>Posada a Punt dels ordinadors de sobretaula i port\u00e0tils.<\/p>\n<p>Neteja de virus, troians, cucs, instal\u00b7laci\u00f3 d&#8217;antivirus.<\/p>\n<p>Neteja de CRYPTOLOCKER i recuperaci\u00f3 d&#8217;arxius encryptados.<br \/>\nInstal\u00b7laci\u00f3 i manteniment de xarxes inform\u00e0tiques<\/p>\n<p>Instal\u00b7laci\u00f3 d&#8217;equips inform\u00e0tics<\/p>\n<p>Instal\u00b7laci\u00f3 de programes i sistemes operatius<\/p>\n<p>Correu electr\u00f2nic i servei de hosting web<\/p>\n<p>Revisi\u00f3 general dels ordinadors<\/p>\n<p>Soluci\u00f3 de qualsevol problema inform\u00e0tic que sorgeixi<\/p>\n<p>Serveis de diagn\u00f2stic i reparaci\u00f3 d&#8217;ordinadors per mal funcionament de l&#8217;ordinador o port\u00e0til.<\/p>\n<p>Ampliacions de maquinari, per exemple mem\u00f2ria RAM., Discs durs, targetes gr\u00e0fiques ..<\/p>\n<p>Instal\u00b7laci\u00f3 i configuraci\u00f3 de perif\u00e8rics, com impressores multifunci\u00f3, scanners, ..<\/p>\n<p>Configuraci\u00f3 compartida d&#8217;acc\u00e9s a Internet, de fitxers i perif\u00e8rics entre els diversos ordinadors i port\u00e0tils.<\/p>\n<p>Realitzaci\u00f3 de c\u00f2pies de seguretat<\/p>\n<p>Oferim servei t\u00e8cnic inform\u00e0tic de reparaci\u00f3, instal\u00b7laci\u00f3, manteniment, configuraci\u00f3 i consultoria d&#8217;ordinadors, port\u00e0tils, xarxes, servidors i sistemes inform\u00e0tics basats en entorn Windows, Linux o Mac Us \/ x<\/p>\n<p>Efectuem les reparacions tant a casa o oficina del client, en el nostre taller o remotament mitjan\u00e7ant programari de control remot. Podem accedir a l&#8217;equip del client i efectuar-li reparacions al moment sense necessitat de despla\u00e7aments.<\/p>\n<p>Totes les reparacions s&#8217;efectuen sempre pr\u00e8via acceptaci\u00f3 de pressupost per part del client, sense costos afegits.<\/li>\n<\/ul>\n<p>&nbsp;<\/p>\n<p style=\"color: #444444; text-align: center;\">Oferta des de 45 \u20ac amb despla\u00e7ament incl\u00f2s a Barcelona Prov\u00edncia<\/p>\n<p style=\"text-align: center;\">(Inclou despla\u00e7ament del t\u00e8cnic + primera hora de m\u00e0 d&#8217;obra)<\/p>\n<p style=\"text-align: center;\">La resta d&#8217;hores es tarifican a 45 \u20ac \/ hora en fraccions de 30 minuts en cas de ser necessari.<\/p>\n<p style=\"text-align: center;\">El preu de la reparaci\u00f3 pot variar en funci\u00f3 de la seva naturalesa. Demani pressupost de la seva reparaci\u00f3 sense comprom\u00eds info@barnasystem.com<\/p>\n<p style=\"text-align: center;\">* Iva no incl\u00f2s en preus.<\/p>\n<p style=\"text-align: center;\">El nostre \u00e0rea geogr\u00e0fica d&#8217;actuaci\u00f3 actual \u00e9s la ciutat de Barcelona i la seva \u00e0rea metropolitana i prov\u00edncia com Badalona, Rub\u00ed, Sabadell, Igualada, Esparreguera, Hospitalet, Cornell\u00e0, el Prat, Badalona, Terrassa<\/p>\n<h2 style=\"color: #444444;\"><\/h2>\n<h4 style=\"color: #444444; text-align: center;\"><strong><span style=\"color: #000080;\"><a style=\"color: #000080;\" title=\"Mantenimiento Inform\u00e1tico Barcelona Servicios de mantenimineto ordenadores\" href=\"https:\/\/www.barnasystem.com\/index.php\/servicio-tecnico\/2-uncategorised\/31-mantenimiento-informatico-barcelona-servicios-de-mantenimineto-ordenadores\">Servei de Manteniment Inform\u00e0tic<\/a><\/span><\/strong><\/h4>\n<p class=\"paragraph_style_4\" style=\"color: #444444;\">Amb el nostre servei de manteniment inform\u00e0tic, s&#8217;assegura tenir resolt qualsevol problema que li pugui sorgir. El mantindrem els equips en correcte funcionament tot l&#8217;any.<\/p>\n<p class=\"paragraph_style_4\" style=\"color: #444444; text-align: center;\"><span style=\"color: #808080;\"><strong>Este servicio esta disponible tanto para particulares como para PYMES.<\/strong><\/span><\/p>\n<h4 class=\"paragraph_style_4\" style=\"color: #444444; text-align: center;\"><span style=\"color: #000080;\"><strong>Servei de Mantenimient Web<\/strong><\/span><\/h4>\n<p class=\"paragraph_style_4\" style=\"color: #444444;\"><strong>\u00a0<\/strong><\/p>\n<p class=\"paragraph_style_4\" style=\"color: #444444;\">\u00a0 Como usted sabr<img decoding=\"async\" class=\"alignleft\" src=\"https:\/\/www.barnasystem.com\/images\/stories\/sat03.jpg\" alt=\"\" width=\"171\" height=\"157\" border=\"0\" \/>\u00e1 una p\u00e1gina Web debe estar siempre actualizada. Barnasystem le ofrece la posibilidad de ser nosotros quien le actualice peri\u00f3dicamente los contenidos de su sitio Web. Disponiendo as\u00ed su p\u00e1gina Web siempre al d\u00eda, gracias a nuestro\u00a0<strong>servicio de mantenimiento web<\/strong>. Olvidese de tener que mantener \u00fasted mismo su p\u00e1gina web.<\/p>\n<p style=\"color: #444444;\"><a style=\"color: #669900;\" title=\"CONTACTO\" href=\"https:\/\/www.barnasystem.com\/contacto\/\"><img decoding=\"async\" class=\"cke-resize aligncenter\" src=\"https:\/\/www.barnasystem.com\/images\/boton-informacion.jpg\" alt=\"Informaci\u00f3n\" width=\"106\" height=\"109\" \/><\/a><\/p>\n<p style=\"color: #444444;\">\u00a0<span style=\"color: #000080;\">Barna<\/span><span style=\"color: #808080;\">system\u00a0<\/span>Serveis Inform\u00e0tics posa a la seva disposici\u00f3 de t\u00e8cnics especialitzats que poden solucionar-li qualsevol problema inform\u00e0tic que li sorgeixi. Som especialistes en venda i manteniment ordinadors, xarxes inform\u00e0tiques, servidors.<\/p>\n<p>Estem especialitzats en el manteniment inform\u00e0tic per a particulars, empresaris aut\u00f2noms o PIMES i com sabem que cada cas \u00e9s diferent, en Barnasystem li oferim un servei inform\u00e0tic personalitzat i adaptat a les seves necessitats.<\/p>\n<p>Especialistes en reparaci\u00f3 d&#8217;ordinadors, reparaci\u00f3 de port\u00e0tils, ordinadors de sobretaula, disposem de t\u00e8cnics inform\u00e0tics especialistes en reparaci\u00f3 de qualsevol tipus de problema amb els seus equips inform\u00e0tics. Reparaci\u00f3 d&#8217;ordinadors a domicili.<\/p>\n<p style=\"text-align: left;\">\n<p class=\"western\" lang=\"es-ES\" align=\"LEFT\">S\u00edmptomes d&#8217;avaries habituals d&#8217;ordinadors<\/p>\n<ul>\n<li>Apareix una pantalla blava d&#8217;error amb missatges inintel\u00b7ligibles.\n<p>L&#8217;ordinador, port\u00e0til funciona molt lent.<\/p>\n<p>L&#8217;ordinador no arrenca o es reinicia<\/p>\n<p>Apareixen finestres que inunden la pantalla mentre navega per internet.<\/p>\n<p>S&#8217;ha perdut informaci\u00f3 del disc dur.<\/p>\n<p>No funciona la navegaci\u00f3 per internet i \/ o el correu electr\u00f2nic.<\/p>\n<p>S&#8217;ha desconfigurat el sistema operatiu.<\/p>\n<p>La c\u00f2pia de seguretat falla.<\/p>\n<p>La xarxa es penja.<\/p>\n<p>No pot instal lar programes.<\/p>\n<p>No es pot imprimir.<\/p>\n<p>Se senten xiulets a l&#8217;arrencar<\/li>\n<\/ul>\n<p style=\"text-align: left;\">\nExperts en inform\u00e0tica. Som especialistes inform\u00e0tics en diferents camps com administraci\u00f3 de servidors, gesti\u00f3 de c\u00f2pies de seguretat, manteniment inform\u00e0tic .. Qualsevol que sigui la seva avaria inform\u00e0tica, els nostres t\u00e8cnics poden ajudar amb el seu problema inform\u00e0tic.<\/p>\n<p lang=\"es-ES\" align=\"LEFT\">LES NOSTRES GARANTIES<\/p>\n<ul>\n<li>Pressupost totalment gratis. Sense cap obligaci\u00f3 ni comprom\u00eds per part seva.\n<p>Rapidesa. Tant la realitzaci\u00f3 del pressupost com la reparaci\u00f3 s&#8217;efectuen r\u00e0pidament.<\/p>\n<p>Econom\u00edco. Tots els nostres preus estan ajustats per sota de la mitjana del mercat per oferir un servei amb la millor qualitat preu.<\/p>\n<p>Reparaci\u00f3 efectuada per t\u00e8cnics especialitzats de Barnasystem.<\/li>\n<\/ul>\n<p>El despla\u00e7ament i la primera hora de m\u00e0 d&#8217;obra (45 \u20ac) es cobren \u00edntegres la resta es cobra en fraccions de 30 minuts en cas de ser necessari temps addicional.<\/p>\n<p>El preu del servei t\u00e8cnic pot variar depenent de les caracter\u00edstiques especials de la seva reparaci\u00f3. No dubti en demanar pressupost de la seva reparaci\u00f3 inform\u00e0tica.<\/p>\n<p style=\"text-align: left;\">\n","protected":false},"excerpt":{"rendered":"<p>SERVEI T\u00c8CNIC INFORM\u00c0TIC A DOMICILI BARCELONA \u00a1EL SEU INFORM\u00c0TIC A  [&#8230;]<\/p>\n","protected":false},"author":2,"featured_media":0,"parent":0,"menu_order":0,"comment_status":"closed","ping_status":"closed","template":"","meta":{"om_disable_all_campaigns":false,"_monsterinsights_skip_tracking":false,"_monsterinsights_sitenote_active":false,"_monsterinsights_sitenote_note":"","_monsterinsights_sitenote_category":0,"footnotes":""},"class_list":["post-1952","page","type-page","status-publish","hentry"],"aioseo_notices":[],"_links":{"self":[{"href":"https:\/\/www.barnasystem.com\/ca\/wp-json\/wp\/v2\/pages\/1952","targetHints":{"allow":["GET"]}}],"collection":[{"href":"https:\/\/www.barnasystem.com\/ca\/wp-json\/wp\/v2\/pages"}],"about":[{"href":"https:\/\/www.barnasystem.com\/ca\/wp-json\/wp\/v2\/types\/page"}],"author":[{"embeddable":true,"href":"https:\/\/www.barnasystem.com\/ca\/wp-json\/wp\/v2\/users\/2"}],"replies":[{"embeddable":true,"href":"https:\/\/www.barnasystem.com\/ca\/wp-json\/wp\/v2\/comments?post=1952"}],"version-history":[{"count":0,"href":"https:\/\/www.barnasystem.com\/ca\/wp-json\/wp\/v2\/pages\/1952\/revisions"}],"wp:attachment":[{"href":"https:\/\/www.barnasystem.com\/ca\/wp-json\/wp\/v2\/media?parent=1952"}],"curies":[{"name":"wp","href":"https:\/\/api.w.org\/{rel}","templated":true}]}}