{"id":1945,"date":"2017-11-10T10:38:19","date_gmt":"2017-11-10T10:38:19","guid":{"rendered":"https:\/\/www.barnasystem.com\/?page_id=1945\/"},"modified":"2017-11-10T10:39:31","modified_gmt":"2017-11-10T10:39:31","slug":"manteniment-informatic-barcelona","status":"publish","type":"page","link":"https:\/\/www.barnasystem.com\/ca\/manteniment-informatic-barcelona\/","title":{"rendered":"MANTENIMENT INFORM\u00c0TIC BARCELONA"},"content":{"rendered":"<h1 style=\"color: # 444444; text-align: center;\"><strong> <span style=\"color: # 000080;\"> MANTENIMENT INFORM\u00c0TIC BARCELONA<\/span><\/strong><\/h1>\n<h3 style=\"color: # 444444; text-align: center;\"><span style=\"color: # 808080;\"> SERVEIS DE MANTENIMENT INFORM\u00c0TIC PER A EMPRESES A BARCELONA<br \/>\n<\/span><\/h3>\n<p style=\"color: # 444444;\"><img decoding=\"async\" class=\"alignleft\" src=\"https:\/\/www.barnasystem.com\/images\/slide-4.png\" alt=\"\" width=\"556\" height=\" 356 \" \/><\/p>\n<p>Barnasystem\u00a0 posa a la seva disposici\u00f3 un equip de t\u00e8cnics inform\u00e0tics especialitzats, per solucionar-li qualsevol necessitat de Manteniment inform\u00e0tic\u00a0 a la prov\u00edncia de Barcelona<\/p>\n<p>Barnasystem experts en\u00a0manteniment inform\u00e0tic\u00a0 a Barcelona, la millor soluci\u00f3 de manteniment inform\u00e0tics per a Empreses PIMES, aut\u00f2noms o particulars.<\/p>\n<p>Oferim la m\u00e9s \u00e0mplia cobertura de manteniment inform\u00e0tic a Barcelona\u00a0 que inclouen tant tasques preventives, mitjan\u00e7ant assist\u00e8ncies peri\u00f2diques en qu\u00e8 s&#8217;analitzen els seus sistemes, i les seves necessitats, aconseguint aix\u00ed la major seguretat i el millor rendiment dels seus i &#8216;equips inform\u00e0tics. Com amb tasques de resoluci\u00f3 d&#8217;incid\u00e8ncies.<\/p>\n<p>En Barnasystem , som experts en manteniment inform\u00e0tic del seu maquinari, programari, xarxes i sistemes inform\u00e0tics.<\/p>\n<p>Oferim tot tipus de Manteniment inform\u00e0tic a Barcelona per empreses , creant una soluci\u00f3 pensada per a cada client. Perqu\u00e8 sabem que cada client \u00e9s diferent, disposem del millor manteniment inform\u00e0tic\u00a0 pensat per a cada client, amold\u00e1ndonos a les seves necessitats.<\/p>\n<p>Per obtenir m\u00e9s informaci\u00f3 de forma personalitzada sobre el nostre servei de manteniment inform\u00e0tic Barcelona \u00a0per a empreses no dubti en posar-se en contacte amb nosaltres al 937710506\u00a0 i estarem encantats de fer una primera visita d&#8217;assessorament si cap comprom\u00eds, analitzant les seves necessitats i detallant un pla de manteniment inform\u00e0tic pensat per a vost\u00e8.<\/p>\n<h2 style=\"color: # 444444; text-align: left;\"><strong> <span style=\"color: # 000080;\"> Alguns serveis relacionats amb la reparaci\u00f3 i el manteniment d&#8217;ordinadors<\/span><\/strong><\/h2>\n<ul style=\"color: # 444444;\">\n<li>Configuraci\u00f3, seguiment i monitoratge de c\u00f2pies de seguretat<\/li>\n<li>Assist\u00e8ncia remota<\/li>\n<li>Suport inform\u00e0tic presencial<\/li>\n<li>Gesti\u00f3 de servidors i xarxes de comunicaci\u00f3<\/li>\n<li>Revisi\u00f3 inicial i informe t\u00e8cnic d&#8217;avaluaci\u00f3 Inform\u00e0tica<\/li>\n<li>Tasques i operacions preventives<\/li>\n<li>C\u00f2pies de seguretat de dades<\/li>\n<li>Subministrament d&#8217;equipament inform\u00e0tic<\/li>\n<li>Neteja de virus i instal\u00b7laci\u00f3 d&#8217;antivirus<\/li>\n<li>Soluci\u00f3 d&#8217;avaries i problemes inform\u00e0tics<\/li>\n<li>Configuraci\u00f3 d&#8217;accessos a Internet: ADSL ..<\/li>\n<li>Assignaci\u00f3 de T\u00e8cnics.<\/li>\n<li>Suport a Correu electr\u00f2nic<\/li>\n<li>Servei t\u00e8cnic m\u00f2bils<\/li>\n<li>Subministraments i instal\u00b7laci\u00f3 d&#8217;aplicacions Programari<\/li>\n<li>Qualsevol soluci\u00f3 per a qualsevol problema o necessitat inform\u00e0tica que es presenti<\/li>\n<li>Sistemes antivirus i antispam<\/li>\n<li>Help Desk Remot<\/li>\n<li>Sistema de gesti\u00f3 d&#8217;incid\u00e8ncies<\/li>\n<li>Suport i assist\u00e8ncia t\u00e8cnica<\/li>\n<li>Manteniment de xarxes i Infraestructures de comunicacions:<\/li>\n<li>Instal\u00b7laci\u00f3 de xarxes<\/li>\n<li>Servidors, sistemes d&#8217;emmagatzematge<\/li>\n<li>Dispositius de c\u00f2pies de seguretat<\/li>\n<li>Manteniment informatic i administraci\u00f3 de xarxes: gesti\u00f3 de tallafocs, encaminadors, commutadors i concentradors de xarxa<\/li>\n<li>Instal\u00b7laci\u00f3 de xarxes: cablejat<\/li>\n<li>Configuraci\u00f3 d&#8217;accessos remots<\/li>\n<li>Configuraci\u00f3 de xarxes WIFI<\/li>\n<li>Accessos remots<\/li>\n<li>Clonaci\u00f3 de sistemes i Virtualitzaci\u00f3<\/li>\n<li>Neteja de virus<\/li>\n<li>Subministrament i instal\u00b7laci\u00f3 d&#8217;equipament informatico i Llic\u00e8ncies SW<\/li>\n<li>Backups &#8211; C\u00f2pies de seguretat<\/li>\n<li>Manteniment d&#8217;Ordinadors<\/li>\n<li>Servei t\u00e8cnic m\u00f2bils<\/li>\n<li>Registre \/ Trasllat de dominis<\/li>\n<li>Gesti\u00f3 de dominis DNS<\/li>\n<li>Renting tecnol\u00f2gic d&#8217;equipament inform\u00e0tic<\/li>\n<li>Outsourcing TI<center><\/center><\/li>\n<\/ul>\n","protected":false},"excerpt":{"rendered":"<p>MANTENIMENT INFORM\u00c0TIC BARCELONA SERVEIS DE MANTENIMENT INFORM\u00c0TIC PER A EMPRESES  [&#8230;]<\/p>\n","protected":false},"author":2,"featured_media":0,"parent":0,"menu_order":0,"comment_status":"closed","ping_status":"closed","template":"","meta":{"om_disable_all_campaigns":false,"_monsterinsights_skip_tracking":false,"_monsterinsights_sitenote_active":false,"_monsterinsights_sitenote_note":"","_monsterinsights_sitenote_category":0,"footnotes":""},"class_list":["post-1945","page","type-page","status-publish","hentry"],"aioseo_notices":[],"_links":{"self":[{"href":"https:\/\/www.barnasystem.com\/ca\/wp-json\/wp\/v2\/pages\/1945","targetHints":{"allow":["GET"]}}],"collection":[{"href":"https:\/\/www.barnasystem.com\/ca\/wp-json\/wp\/v2\/pages"}],"about":[{"href":"https:\/\/www.barnasystem.com\/ca\/wp-json\/wp\/v2\/types\/page"}],"author":[{"embeddable":true,"href":"https:\/\/www.barnasystem.com\/ca\/wp-json\/wp\/v2\/users\/2"}],"replies":[{"embeddable":true,"href":"https:\/\/www.barnasystem.com\/ca\/wp-json\/wp\/v2\/comments?post=1945"}],"version-history":[{"count":0,"href":"https:\/\/www.barnasystem.com\/ca\/wp-json\/wp\/v2\/pages\/1945\/revisions"}],"wp:attachment":[{"href":"https:\/\/www.barnasystem.com\/ca\/wp-json\/wp\/v2\/media?parent=1945"}],"curies":[{"name":"wp","href":"https:\/\/api.w.org\/{rel}","templated":true}]}}