{"id":1940,"date":"2017-11-10T10:08:52","date_gmt":"2017-11-10T10:08:52","guid":{"rendered":"https:\/\/www.barnasystem.com\/?page_id=1940\/"},"modified":"2017-11-10T10:29:27","modified_gmt":"2017-11-10T10:29:27","slug":"inici","status":"publish","type":"page","link":"https:\/\/www.barnasystem.com\/ca\/","title":{"rendered":"INICI"},"content":{"rendered":"<p>[column size=&#8221;1-2&#8243; last=&#8221;0&#8243;]<\/p>\n<h1><strong><span style=\"color: #000080;\">SERVEI T\u00c9CNIC INFORM\u00c0TIC<\/span><\/strong><\/h1>\n<p><a href=\"https:\/\/www.barnasystem.com\/servicio-tecnico-informatico-a-domicilio-barcelona\/\"><img decoding=\"async\" class=\"alignright wp-image-1355 size-full\" src=\"https:\/\/www.barnasystem.com\/wp-content\/uploads\/2013\/12\/servicio-tecnico-ordenadores.jpg\" alt=\"servicio-tecnico-ordenadores\" width=\"300\" height=\"168\" \/><\/a>\u00a0 \u00a0Bienvenidos a <span style=\"color: #000080;\">Barna<\/span><span style=\"color: #808080;\">system<\/span> Servicios inform\u00e1ticos.<\/p>\n<p style=\"text-align: left;\">\u00a0 \u00a0 \u00a0Som una empresa especialitzada en suport t\u00e8cnic inform\u00e0tic tant per a empreses com per a particulars. Som una empresa de serveis inform\u00e0tics, localitzada a Barcelona, experts en servei t\u00e8cnic inform\u00e0tic i l\u00edders en suport inform\u00e0tic a domicili a la prov\u00edncia de Barcelona.<\/p>\n<p>\u00a0 \u00a0Som competents en el servei t\u00e8cnic inform\u00e0tic, reparaci\u00f3 d&#8217;ordinadors, xarxes, recuperaci\u00f3 de dades, neteja de virus, administraci\u00f3 de xarxes i servidors .. I en tot el relacionat amb el servei t\u00e8cnic inform\u00e0tic per a empreses i particulars<\/p>\n<p style=\"text-align: left;\">\u00a0 En Barnasystem estem oferint un servei que sens dubte en les estades curtes i li donar\u00e0 una oportunitat de prendre avantatge.<\/p>\n<p>\u00a0 \u00a0Oferim una servei t\u00e8cnic inform\u00e0tic complet on li proporcionem tot el que necessiti per als seus equips inform\u00e0tics i no hagi de preocupar-se per res m\u00e9s que el seu negoci.<\/p>\n<p style=\"text-align: center;\"><span style=\"font-size: 14pt; color: #000080;\"><strong>93<span style=\"color: #000000;\">.<\/span>771<span style=\"color: #000000;\">.<\/span>04<span style=\"color: #000000;\">.<\/span>05 <span style=\"color: #000000;\">\/\u00a0<\/span><a style=\"color: #000080;\" href=\"mailto:info@barnasystem.com\"><span style=\"color: #000000;\">info@<\/span>barna<span style=\"color: #808080;\">system<\/span><span style=\"color: #000000;\">.com<\/span><\/a><\/strong><\/span><\/p>\n<p>[\/column][column size=&#8221;1-2&#8243; last=&#8221;1&#8243;]<\/p>\n<h2><strong><span style=\"color: #000080;\">DISSENY WEB<\/span><\/strong><\/h2>\n<p><a href=\"https:\/\/www.barnasystem.com\/diseno-web\"><img decoding=\"async\" class=\"alignright wp-image-1353 size-medium\" src=\"https:\/\/www.barnasystem.com\/wp-content\/uploads\/2014\/09\/imac-3-300x168.png\" alt=\"imac-3\" width=\"300\" height=\"168\" srcset=\"https:\/\/www.barnasystem.com\/wp-content\/uploads\/2014\/09\/imac-3-300x168.png 300w, https:\/\/www.barnasystem.com\/wp-content\/uploads\/2014\/09\/imac-3-770x433.png 770w, https:\/\/www.barnasystem.com\/wp-content\/uploads\/2014\/09\/imac-3-1024x576.png 1024w, https:\/\/www.barnasystem.com\/wp-content\/uploads\/2014\/09\/imac-3-1170x658.png 1170w, https:\/\/www.barnasystem.com\/wp-content\/uploads\/2014\/09\/imac-3.png 1280w\" sizes=\"(max-width: 300px) 100vw, 300px\" \/><\/a>\u00a0 \u00a0En <span style=\"color: #000080;\">Barna<\/span><span style=\"color: #808080;\">system<\/span>\u00a0Disseny Web Professional, tamb\u00e9 som experts en Disseny de p\u00e0gines web professionals. Des de la nostra seu a Barcelona, ens especialistes en el Disseny de p\u00e0gines web professionals, el posicionament de p\u00e0gines web i en Disseny gr\u00e0fic digital per a tot Espanya.<\/p>\n<p style=\"text-align: left;\">\u00a0 \u00a0 Som competents en el desenvolupament de llocs web professionals, llocs web per a aut\u00f2noms i petites empreses, disseny corporatiu, aix\u00ed com llocs web art\u00edstics per a professionals o particulars. I en tot el relacionat amb el servei t\u00e8cnic inform\u00e0tic per a empreses i particulars<\/p>\n<p>\u00a0 \u00a0A <span style=\"color: #000080;\">Barna<\/span><span style=\"color: #808080;\">system<\/span>\u00a0estem oferint un servei que sens dubte en les estades curtes i li donar\u00e0 una oportunitat de prendre avantatge.<\/p>\n<p style=\"text-align: left;\">\u00a0 \u00a0Con <span style=\"color: #000080;\">Barna<\/span><span style=\"color: #808080;\">system<\/span>\u00a0apliquem una soluci\u00f3 completa on li proporcionem tot el que necessiti per a la seva empresa o p\u00e0gina web Professional i no nom\u00e9s se centri en fer cr\u00e9ixer el seu negoci.[\/column]<\/p>\n<p>&nbsp;<\/p>\n<p>[spacer size=&#8221;20&#8243;]<br \/>\n[heading size=&#8221;24&#8243; align=&#8221;center&#8221;]<strong><span style=\"color: #000080;\">Els nostres serveis inform\u00e0tics<\/span><\/strong>[\/heading]<br \/>\n[divider style=&#8221;with-bottom-pointer&#8221; color=&#8221;#E7E7E7&#8243;]<br \/>\n[spacer size=&#8221;80&#8243;]<br \/>\n[column size=&#8221;1-3&#8243; last=&#8221;0&#8243;]<br \/>\n[services icon_class=&#8221;icon-keyboard&#8221; heading=&#8221;Reparaciones Inform\u00e1ticas&#8221; button_text=&#8221;+info&#8221; button_link=&#8221;https:\/\/www.barnasystem.com\/servicio-tecnico-informatico-a-domicilio-barcelona\/&#8221; hide_button=&#8221;show&#8221;] <span style=\"color: #444444;\">\u00a0<span style=\"color: #808080;\">A<\/span> B<span style=\"color: #000080;\">arna<\/span><span style=\"color: #808080;\">system<\/span>\u00a0<span style=\"color: #808080;\">oferim\u00a0<\/span><\/span><span style=\"color: #808080;\"><strong style=\"color: #444444;\">servei t\u00e8cnic inform\u00e0tic a domicili<\/strong>\u00a0a la provincia de<strong style=\"color: #444444;\">\u00a0Barcelona.\u00a0<\/strong>Els nostres t\u00e8cnics es desplacen al seu domicili o empresa per solucionar qualsevol problema que tingui en els seus equipaments inform\u00e0tics. Neteja de virus, instal\u00b7laci\u00f3 i configuraci\u00f3 de sistemes operatius, programari, servidors, xarxes, components i perif\u00e8rics &#8230;.<\/span>[\/services]<br \/>\n[\/column]<br \/>\n[column size=&#8221;1-3&#8243; last=&#8221;0&#8243;]<br \/>\n[services icon_class=&#8221;icon-globe&#8221; heading=&#8221;Allotjament Web&#8221; button_text=&#8221;+info&#8221; button_link=&#8221;http:\/\/www.barnahosting.es&#8221; hide_button=&#8221;show&#8221;] <span style=\"color: #444444;\">\u00a0<span style=\"color: #808080;\">A trav\u00e9s de<\/span> B<span style=\"color: #000080;\">arna<\/span><span style=\"color: #808080;\">Hosting, empresa especialitzada en serveis d&#8217;Allotjament web, posem a disposici\u00f3 dels nostres clients, serveis d&#8217;allotjament web (Hosting) i registre de dominis per als nostres clients. Li oferim un servei complet perqu\u00e8 se centri en el seu negoci. Hosting, Servidors Dedicats o Virtuals i administraci\u00f3 dels mateixos.<\/span>\u00a0<\/span>[\/services]<br \/>\n[\/column]<br \/>\n[column size=&#8221;1-3&#8243; last=&#8221;1&#8243;]<br \/>\n[services icon_class=&#8221;icon-html5&#8243; heading=&#8221;Creaci\u00f3 P\u00e0gines Web&#8221; button_text=&#8221;+info&#8221; button_link=&#8221;https:\/\/www.barnasystem.com\/diseno-web\/&#8221; hide_button=&#8221;show&#8221;] Dissenyem tot tipus de\u00a0<strong>p\u00e0gines web professionals<\/strong> \u00a0totalment\u00a0auto-gestionables\u00a0pel client. Ens adaptem a les necessitats espec\u00edfiques de cadascun dels nostres clients, dissenyant una p\u00e0gina web \u00fanica, oferint una soluci\u00f3 personalitzada i dissenyada per satisfer totes les seves necessitats. <strong>Disseny web professional<\/strong> que atreguin i retinguin als visitants. [\/services]<br \/>\n[\/column]<br \/>\n[spacer size=&#8221;20&#8243;]<br \/>\n[column size=&#8221;1-3&#8243; last=&#8221;0&#8243;]<br \/>\n[services icon_class=&#8221;icon-hdd&#8221; heading=&#8221;Manteniment Inform\u00e1tic&#8221; button_text=&#8221;+info&#8221; button_link=&#8221;https:\/\/www.barnasystem.com\/mantenimiento-informatico-barcelona\/&#8221; hide_button=&#8221;show&#8221;] <span style=\"color: #808080;\">El nostre servei de <strong>manteniment inform\u00e0tic<\/strong>, est\u00e0 pensat tant per a empreses que necessitin el millor manteniment per als seus equips inform\u00e0tics, com per a particulars.<\/span><span style=\"color: #444444;\">\u00a0<\/span>[\/services]<\/p>\n<p>[\/column]<br \/>\n[column size=&#8221;1-3&#8243; last=&#8221;0&#8243;]<br \/>\n[services icon_class=&#8221;icon-print&#8221; heading=&#8221;Disseny Gr\u00e0fic i Multim\u00e8dia&#8221; button_text=&#8221;+info&#8221; button_link=&#8221;https:\/\/www.barnasystem.com\/diseno-grafico\/&#8221; hide_button=&#8221;show&#8221;] <span style=\"color: #808080;\">Gr\u00e0cies als nostres serveis de <strong>disseny gr\u00e0fic<\/strong> podem oferir el millor disseny per a les seves necessitats. <strong>Disseny de logotips<\/strong> i imatge corporativa, targetes de visita, flyers ..<\/span>[\/services]<br \/>\n[\/column]<br \/>\n[column size=&#8221;1-3&#8243; last=&#8221;1&#8243;][services icon_class=&#8221;icon-medkit&#8221; heading=&#8221;Manteniment Web&#8221; button_text=&#8221;+info&#8221; button_link=&#8221;https:\/\/www.barnasystem.com\/diseno-web\/&#8221; hide_button=&#8221;show&#8221;]<span style=\"color: #808080;\">Mantingui la seva p\u00e0gina web sempre al dia, gr\u00e0cies al nostre servei de <strong>manteniment web<\/strong>. Oblideu-vos d&#8217;haver de mantenir vost\u00e8 mateix la seva p\u00e0gina web. Gr\u00e0cies al nostre <strong>Mantenimet web<\/strong>.<\/span>[\/services][\/column]<br \/>\n[spacer size=&#8221;20&#8243;]<\/p>\n<p>[column size=&#8221;2-3&#8243; last=&#8221;0&#8243;]<br \/>\n[heading size=&#8221;22&#8243;]<strong><span style=\"color: #000080;\">Como Treballem?<\/span><\/strong>[\/heading]<br \/>\n[divider]<\/p>\n<p style=\"text-align: left;\">[spoiler title=&#8221;La Nostre Filosofia&#8221; open=&#8221;0&#8243;] \u00a0\u00a0<span style=\"color: #444444;\"><span style=\"color: #808080;\">La nostra filosofia \u00e9s clara. Oferir els millors serveis inform\u00e0tics amb una relaci\u00f3 qualitat preu immillorable i sempre adaptant-nos a les necessitats de cadascun dels nostres clients. Per aix\u00f2 comptem amb les \u00faltimes tecnologies i un equip jove i din\u00e0mic provinent de diferents camps inform\u00e0tics, que \u00e9s capa\u00e7 de fer realitat qualsevol projecte que tingui en ment. El nostre equip hum\u00e0 est\u00e0 format per experts en disseny web, disseny gr\u00e0fic, programaci\u00f3, m\u00e0rqueting, vendes &#8230; Coneixem les necessitats dels nostres clients i volem satisfer-les. Ens agrada implicar-nos en cadascun dels nostres projectes, el nostre segell \u00e9s la qualitat dels nostres serveis.<\/span>\u00a0<\/span>[\/spoiler]<br \/>\n[spoiler title=&#8221;Concepto&#8221; open=&#8221;0&#8243; style=&#8221;1&#8243;] \u00a0 <span style=\"color: #808080;\">El nostre objectiu \u00e9s barrejar la seva visi\u00f3 amb la nostra i d&#8217;aquesta manera aconseguir resultats desitjats. Oferim un alt nivell de serveis professionals, som flexibles i estem disposats a lliurar el millor producte o servei.<\/span>[\/spoiler]<br \/>\n[spoiler title=&#8221;Dise\u00f1o&#8221; open=&#8221;0&#8243; style=&#8221;1&#8243;] \u00a0 <span style=\"color: #808080;\">No nom\u00e9s vam crear una p\u00e0gina web moderna i atractiva, sin\u00f3 que tamb\u00e9 li vam crear p\u00e0gines web clares, intu\u00eftives, f\u00e0cils de localitzar, que atreguin i retinguin als visitants i que, sobretot, compleixin els seus objectius oferint el que el client desitja. El millor disseny web professional.<\/span>[\/spoiler]<br \/>\n[spoiler title=&#8221;Desarrollo&#8221; open=&#8221;0&#8243; style=&#8221;1&#8243;]Desenvolupament i creaci\u00f3 de llocs web professionals al millor cost. Li vam desenvolupar un lloc web professional amb un disseny modern, adaptat a dispositius i que atreguin als seus clients potencials.[\/spoiler]<br \/>\n[\/column]<br \/>\n[column size=&#8221;1-3&#8243; last=&#8221;1&#8243;]<br \/>\n[heading size=&#8221;22&#8243;]<strong><span style=\"color: #000080;\">Testimoni Clients<\/span><\/strong>[\/heading]<br \/>\n[divider]<br \/>\n[testimonial author=&#8221;Ram\u00f3n Garc\u00eda&#8221;]Despr\u00e9s de patir molts problemes inform\u00e0tics, gr\u00e0cies a Barnasystem hem pogut solucionar tots els nostres problemes inform\u00e0tics en un temps r\u00e8cord. El millor suport t\u00e8cnic inform\u00e0tic que hem trobat![\/testimonial]<br \/>\n[\/column]<\/p>\n<p>[heading]<span style=\"color: #000080;\"><strong>Els nostres clients<\/strong><\/span>[\/heading]<br \/>\n[spacer size=&#8221;10&#8243;]<br \/>\n[column size=&#8221;1-3&#8243; last=&#8221;0&#8243;][client logo=&#8221;https:\/\/www.barnasystem.com\/wp-content\/uploads\/imagenes\/nuestros-clientes-1.png&#8221;][\/column]<br \/>\n[column size=&#8221;1-3&#8243; last=&#8221;0&#8243;][client logo=&#8221;https:\/\/www.barnasystem.com\/wp-content\/uploads\/imagenes\/nuestros-clientes-2.png&#8221;][\/column]<br \/>\n[column size=&#8221;1-3&#8243; last=&#8221;1&#8243;][client logo=&#8221;https:\/\/www.barnasystem.com\/wp-content\/uploads\/imagenes\/nuestros-clientes-3.png&#8221;][\/column]<\/p>\n\t\t\t<rs-module-wrap id=\"rev_slider_error_1_wrapper\">\n\t\t\t\t<rs-module id=\"rev_slider_error_1\">\n\t\t\t\t\t<div class=\"rs_error_message_box\">\n\t\t\t\t\t\t<div class=\"rs_error_message_oops\">There is nothing to show here!<\/div>\n\t\t\t\t\t\t<div class=\"rs_error_message_content\">Slider with alias sliderinferior not found.<\/div>\n\t\t\t\t\t<\/div>\n\t\t\t\t<\/rs-module>\n\t\t\t<\/rs-module-wrap>\n\t\t\t<script>\n\t\t\t\tvar rs_eslider = document.getElementById(\"rev_slider_error_1\");\n\t\t\t\trs_eslider.style.display = \"none\";\n\t\t\t\tconsole.log(\"Slider with alias sliderinferior not found.\");\n\t\t\t<\/script>\n<\/div>\n","protected":false},"excerpt":{"rendered":"<p>[column size=&#8221;1-2&#8243; last=&#8221;0&#8243;] SERVEI T\u00c9CNIC INFORM\u00c0TIC \u00a0 \u00a0Bienvenidos a Barnasystem  [&#8230;]<\/p>\n","protected":false},"author":2,"featured_media":0,"parent":0,"menu_order":0,"comment_status":"closed","ping_status":"closed","template":"","meta":{"om_disable_all_campaigns":false,"_monsterinsights_skip_tracking":false,"_monsterinsights_sitenote_active":false,"_monsterinsights_sitenote_note":"","_monsterinsights_sitenote_category":0,"footnotes":""},"class_list":["post-1940","page","type-page","status-publish","hentry"],"aioseo_notices":[],"_links":{"self":[{"href":"https:\/\/www.barnasystem.com\/ca\/wp-json\/wp\/v2\/pages\/1940","targetHints":{"allow":["GET"]}}],"collection":[{"href":"https:\/\/www.barnasystem.com\/ca\/wp-json\/wp\/v2\/pages"}],"about":[{"href":"https:\/\/www.barnasystem.com\/ca\/wp-json\/wp\/v2\/types\/page"}],"author":[{"embeddable":true,"href":"https:\/\/www.barnasystem.com\/ca\/wp-json\/wp\/v2\/users\/2"}],"replies":[{"embeddable":true,"href":"https:\/\/www.barnasystem.com\/ca\/wp-json\/wp\/v2\/comments?post=1940"}],"version-history":[{"count":0,"href":"https:\/\/www.barnasystem.com\/ca\/wp-json\/wp\/v2\/pages\/1940\/revisions"}],"wp:attachment":[{"href":"https:\/\/www.barnasystem.com\/ca\/wp-json\/wp\/v2\/media?parent=1940"}],"curies":[{"name":"wp","href":"https:\/\/api.w.org\/{rel}","templated":true}]}}